{"id":2530,"date":"2021-04-27T12:14:58","date_gmt":"2021-04-27T10:14:58","guid":{"rendered":"https:\/\/lauraprincemusic.com\/?page_id=2530"},"modified":"2021-04-29T22:52:45","modified_gmt":"2021-04-29T20:52:45","slug":"mentions-legales","status":"publish","type":"page","link":"https:\/\/lauraprincemusic.com\/en\/mentions-legales\/","title":{"rendered":"Legal notice"},"content":{"rendered":"<div data-elementor-type=\"wp-page\" data-elementor-id=\"2530\" class=\"elementor elementor-2530\" data-elementor-post-type=\"page\">\n\t\t\t\t\t\t<section class=\"elementor-section elementor-top-section elementor-element elementor-element-cc435e2 elementor-section-boxed elementor-section-height-default elementor-section-height-default\" data-id=\"cc435e2\" data-element_type=\"section\">\n\t\t\t\t\t\t<div class=\"elementor-container elementor-column-gap-default\">\n\t\t\t\t\t<div class=\"elementor-column elementor-col-100 elementor-top-column elementor-element elementor-element-5f37e5a\" data-id=\"5f37e5a\" data-element_type=\"column\">\n\t\t\t<div class=\"elementor-widget-wrap elementor-element-populated\">\n\t\t\t\t\t\t<div class=\"elementor-element elementor-element-006f5b2 elementor-widget elementor-widget-heading\" data-id=\"006f5b2\" data-element_type=\"widget\" data-widget_type=\"heading.default\">\n\t\t\t\t<div class=\"elementor-widget-container\">\n\t\t\t\t\t<h1 class=\"elementor-heading-title elementor-size-default\">LEGAL NOTICE<\/h1>\t\t\t\t<\/div>\n\t\t\t\t<\/div>\n\t\t\t\t\t<\/div>\n\t\t<\/div>\n\t\t\t\t\t<\/div>\n\t\t<\/section>\n\t\t\t\t<section class=\"elementor-section elementor-top-section elementor-element elementor-element-86503fb elementor-section-boxed elementor-section-height-default elementor-section-height-default\" data-id=\"86503fb\" data-element_type=\"section\">\n\t\t\t\t\t\t<div class=\"elementor-container elementor-column-gap-default\">\n\t\t\t\t\t<div class=\"elementor-column elementor-col-100 elementor-top-column elementor-element elementor-element-21f38d4\" data-id=\"21f38d4\" data-element_type=\"column\">\n\t\t\t<div class=\"elementor-widget-wrap elementor-element-populated\">\n\t\t\t\t\t\t<section class=\"elementor-section elementor-inner-section elementor-element elementor-element-c3306d9 elementor-section-boxed elementor-section-height-default elementor-section-height-default\" data-id=\"c3306d9\" data-element_type=\"section\">\n\t\t\t\t\t\t<div class=\"elementor-container elementor-column-gap-default\">\n\t\t\t\t\t<div class=\"elementor-column elementor-col-100 elementor-inner-column elementor-element elementor-element-8ebbf48\" data-id=\"8ebbf48\" data-element_type=\"column\">\n\t\t\t<div class=\"elementor-widget-wrap elementor-element-populated\">\n\t\t\t\t\t\t<div class=\"elementor-element elementor-element-5b189df elementor-widget elementor-widget-text-editor\" data-id=\"5b189df\" data-element_type=\"widget\" data-no-translation=\"\" data-widget_type=\"text-editor.default\">\n\t\t\t\t<div class=\"elementor-widget-container\">\n\t\t\t\t\t<style>.elementor-element-5b189df{display:none !important}<\/style>\t\t\t\t<\/div>\n\t\t\t\t<\/div>\n\t\t\t\t<div class=\"elementor-element elementor-element-baa41ed elementor-widget elementor-widget-text-editor\" data-id=\"baa41ed\" data-element_type=\"widget\" data-no-translation=\"\" data-widget_type=\"text-editor.default\">\n\t\t\t\t<div class=\"elementor-widget-container\">\n\t\t\t\t\t\t\t\t\t<p>1. Presentation of our website<\/p><p>In accordance with the law n \u00b0 2004-2005 of June 21, 2004 for confidence in the digital economy, our website created by AL, owner of the site https:\/\/lauraprincemusic.com, makes information about our company available to the public. .<\/p><p>Possibly modifiable, we therefore invite you to consult our legal notices as often as possible, in order to familiarize yourself with it frequently.<\/p><p>The site https:\/\/lauraprincemusic.com belongs to A.L.<\/p><p>Natural or legal person, A.L is responsible for the publication, whose e-mail address is as follows: abuse@o2switch.fr.<\/p><p>The webmaster, A.L, is responsible for the administration of the site, whose email address is: abuse@o2switch.fr.<\/p><p>The site https:\/\/lauraprincemusic.com is hosted by O2switch, whose head office is located at the following address:<\/p><p>O2switch<\/p><p>222-224 Boulevard Gustave Flaubert<br \/>63000 Clermont-Ferrand<\/p><p>Capital of 100,000 \u20ac<br \/>Siret 510 909 80700024<\/p><p>2. General conditions of use of the site and the services offered.<\/p><p>By using our website https:\/\/lauraprincemusic.com, you fully and completely accept the general conditions of use specified in our legal notices. Accessible to any type of visitor, it is important to note, however, that an interruption for maintenance of the website may be decided by A.L. The dates and times of interruptions will nevertheless be specified in advance to users.<\/p><p>3. The products or services offered by https:\/\/lauraprincemusic.com.<\/p><p>In accordance with its communication policy, the site https:\/\/lauraprincemusic.com is intended to inform users about the services offered by A.L, which then strives to provide precise information on its activity. However, inaccuracies or omissions may exist: the company can in no way be held responsible for any error on the site https:\/\/lauraprincemusic.com.<\/p><p>4. Contractual limitations<\/p><p>The information transcribed on our website https:\/\/lauraprincemusic.com is subject to qualitative approaches, in order to ensure its reliability. However, we cannot be held responsible for any technical inaccuracies in our explanations. If you notice an error concerning information that we may have omitted, do not hesitate to report it to us by email at abuse@o2switch.fr.<\/p><p>The links directly or indirectly linked to our website https:\/\/lauraprincemusic.com are not under the control of our company. Therefore, we cannot ensure the accuracy of the information on these other websites.<\/p><p>Using JavaScript technology, the site https:\/\/lauraprincemusic.com cannot be held responsible for any material damage linked to its use. In addition, any other type of consequence linked to the operation of the https:\/\/lauraprincemusic.com site, whether direct or indirect (bug, incompatibility, virus, loss of market, etc.).<\/p><p>5. Intellectual property and website content.<\/p><p>The editorial content of the website https:\/\/lauraprincemusic.com belongs exclusively to AL Any violation of copyright is sanctioned by article L.335-2 of the Intellectual Property Code, with a penalty of 2 years. imprisonment and a fine of \u20ac 150,000<\/p><p>The https:\/\/lauraprincemusic.com site cannot be held responsible for any abusive, racist, defamatory or pornographic comments exchanged on the interactive spaces. The company also reserves the right to remove any content that is contrary to the values \u200b\u200bof the company or to the legislation applicable in France.<\/p><p>By browsing the site https:\/\/lauraprincemusic.com, the user also accepts the installation of cookies, if any, on his computer.<\/p><p>6. Personal data, respect for your private life and your freedoms.<\/p><p>All information collected on the website https:\/\/lauraprincemusic.com is done within the framework of the needs related to the use of our platform, such as the order form or the request for subscription to the Newsletter. In addition, you can unsubscribe from the Newsletter using the link at the bottom of the page.<\/p><p>A.L undertakes not to transfer in any case information concerning the users of the website, in any way (sale, exchange, loan, rental, donation).<\/p><p>In accordance with the law \u00ab\u00a0Informatique et Libert\u00e9s\u00a0\u00bb of January 6, 1978 amended in 2004, the user has the right to access and rectify information concerning him, a right that he can exercise at any time by sending an email to the address abuse@o2switch.fr.<\/p><p>7. Applicable law and relevant laws.<\/p><p>Subject to French law, the website https:\/\/lauraprincemusic.com is governed by law n \u00b0 2004-2005 of June 21, 2004 for confidence in the digital economy, article L.335-2 of the French Code of Intellectual Property and the law \u00ab\u00a0Informatique et Libert\u00e9s\u00a0\u00bb of January 6, 1978 amended in 2004.<\/p>\t\t\t\t\t\t\t\t<\/div>\n\t\t\t\t<\/div>\n\t\t\t\t\t<\/div>\n\t\t<\/div>\n\t\t\t\t\t<\/div>\n\t\t<\/section>\n\t\t\t\t\t<\/div>\n\t\t<\/div>\n\t\t\t\t\t<\/div>\n\t\t<\/section>\n\t\t\t\t<\/div>","protected":false},"excerpt":{"rendered":"<p>MENTIONS L\u00c9GALES 1. Pr\u00e9sentation de notre site web Conform\u00e9ment \u00e0 la loi n\u00b0 2004-2005 du 21 juin 2004 pour la confiance dans l&rsquo;\u00e9conomie num\u00e9rique, notre site web cr\u00e9\u00e9 par A.L, propri\u00e9taire du site https:\/\/lauraprincemusic.com, met \u00e0 disposition du public les informations concernant notre entreprise. \u00c9ventuellement modifiables, nous vous invitons donc \u00e0 consulter nos mentions l\u00e9gales [&hellip;]<\/p>","protected":false},"author":1,"featured_media":0,"parent":0,"menu_order":0,"comment_status":"closed","ping_status":"closed","template":"elementor_header_footer","meta":{"footnotes":""},"class_list":["post-2530","page","type-page","status-publish","hentry"],"yoast_head":"<!-- This site is optimized with the Yoast SEO plugin v24.9 - https:\/\/yoast.com\/wordpress\/plugins\/seo\/ -->\n<title>Mentions l\u00e9gales - Laura Prince<\/title>\n<meta name=\"robots\" content=\"noindex, nofollow\" \/>\n<meta property=\"og:locale\" content=\"en_GB\" \/>\n<meta property=\"og:type\" content=\"article\" \/>\n<meta property=\"og:title\" content=\"Mentions l\u00e9gales - Laura Prince\" \/>\n<meta property=\"og:description\" content=\"MENTIONS L\u00c9GALES 1. Pr\u00e9sentation de notre site web Conform\u00e9ment \u00e0 la loi n\u00b0 2004-2005 du 21 juin 2004 pour la confiance dans l&rsquo;\u00e9conomie num\u00e9rique, notre site web cr\u00e9\u00e9 par A.L, propri\u00e9taire du site https:\/\/lauraprincemusic.com, met \u00e0 disposition du public les informations concernant notre entreprise. \u00c9ventuellement modifiables, nous vous invitons donc \u00e0 consulter nos mentions l\u00e9gales [&hellip;]\" \/>\n<meta property=\"og:url\" content=\"https:\/\/lauraprincemusic.com\/en\/mentions-legales\/\" \/>\n<meta property=\"og:site_name\" content=\"Laura Prince\" \/>\n<meta property=\"article:modified_time\" content=\"2021-04-29T20:52:45+00:00\" \/>\n<meta name=\"twitter:card\" content=\"summary_large_image\" \/>\n<meta name=\"twitter:label1\" content=\"Estimated reading time\" \/>\n\t<meta name=\"twitter:data1\" content=\"8 minutes\" \/>\n<script type=\"application\/ld+json\" class=\"yoast-schema-graph\">{\"@context\":\"https:\/\/schema.org\",\"@graph\":[{\"@type\":\"WebPage\",\"@id\":\"https:\/\/lauraprincemusic.com\/mentions-legales\/\",\"url\":\"https:\/\/lauraprincemusic.com\/mentions-legales\/\",\"name\":\"Mentions l\u00e9gales - Laura Prince\",\"isPartOf\":{\"@id\":\"https:\/\/lauraprincemusic.com\/#website\"},\"datePublished\":\"2021-04-27T10:14:58+00:00\",\"dateModified\":\"2021-04-29T20:52:45+00:00\",\"breadcrumb\":{\"@id\":\"https:\/\/lauraprincemusic.com\/mentions-legales\/#breadcrumb\"},\"inLanguage\":\"en-GB\",\"potentialAction\":[{\"@type\":\"ReadAction\",\"target\":[\"https:\/\/lauraprincemusic.com\/mentions-legales\/\"]}]},{\"@type\":\"BreadcrumbList\",\"@id\":\"https:\/\/lauraprincemusic.com\/mentions-legales\/#breadcrumb\",\"itemListElement\":[{\"@type\":\"ListItem\",\"position\":1,\"name\":\"Accueil\",\"item\":\"https:\/\/lauraprincemusic.com\/\"},{\"@type\":\"ListItem\",\"position\":2,\"name\":\"Mentions l\u00e9gales\"}]},{\"@type\":\"WebSite\",\"@id\":\"https:\/\/lauraprincemusic.com\/#website\",\"url\":\"https:\/\/lauraprincemusic.com\/\",\"name\":\"Laura Prince\",\"description\":\"Site officiel de Laura Prince. Auteure, compositeur, interpr\u00e8te, elle est avant tout chanteuse et musicienne.\",\"publisher\":{\"@id\":\"https:\/\/lauraprincemusic.com\/#organization\"},\"potentialAction\":[{\"@type\":\"SearchAction\",\"target\":{\"@type\":\"EntryPoint\",\"urlTemplate\":\"https:\/\/lauraprincemusic.com\/?s={search_term_string}\"},\"query-input\":{\"@type\":\"PropertyValueSpecification\",\"valueRequired\":true,\"valueName\":\"search_term_string\"}}],\"inLanguage\":\"en-GB\"},{\"@type\":\"Organization\",\"@id\":\"https:\/\/lauraprincemusic.com\/#organization\",\"name\":\"Laura Prince\",\"url\":\"https:\/\/lauraprincemusic.com\/\",\"logo\":{\"@type\":\"ImageObject\",\"inLanguage\":\"en-GB\",\"@id\":\"https:\/\/lauraprincemusic.com\/#\/schema\/logo\/image\/\",\"url\":\"https:\/\/lauraprincemusic.com\/wp-content\/uploads\/2020\/04\/coveralbumlauraprincefinal.jpg\",\"contentUrl\":\"https:\/\/lauraprincemusic.com\/wp-content\/uploads\/2020\/04\/coveralbumlauraprincefinal.jpg\",\"width\":1654,\"height\":1478,\"caption\":\"Laura Prince\"},\"image\":{\"@id\":\"https:\/\/lauraprincemusic.com\/#\/schema\/logo\/image\/\"}}]}<\/script>\n<!-- \/ Yoast SEO plugin. -->","yoast_head_json":{"title":"Mentions l\u00e9gales - Laura Prince","robots":{"index":"noindex","follow":"nofollow"},"og_locale":"en_GB","og_type":"article","og_title":"Mentions l\u00e9gales - Laura Prince","og_description":"MENTIONS L\u00c9GALES 1. Pr\u00e9sentation de notre site web Conform\u00e9ment \u00e0 la loi n\u00b0 2004-2005 du 21 juin 2004 pour la confiance dans l&rsquo;\u00e9conomie num\u00e9rique, notre site web cr\u00e9\u00e9 par A.L, propri\u00e9taire du site https:\/\/lauraprincemusic.com, met \u00e0 disposition du public les informations concernant notre entreprise. \u00c9ventuellement modifiables, nous vous invitons donc \u00e0 consulter nos mentions l\u00e9gales [&hellip;]","og_url":"https:\/\/lauraprincemusic.com\/en\/mentions-legales\/","og_site_name":"Laura Prince","article_modified_time":"2021-04-29T20:52:45+00:00","twitter_card":"summary_large_image","twitter_misc":{"Estimated reading time":"8 minutes"},"schema":{"@context":"https:\/\/schema.org","@graph":[{"@type":"WebPage","@id":"https:\/\/lauraprincemusic.com\/mentions-legales\/","url":"https:\/\/lauraprincemusic.com\/mentions-legales\/","name":"Mentions l\u00e9gales - Laura Prince","isPartOf":{"@id":"https:\/\/lauraprincemusic.com\/#website"},"datePublished":"2021-04-27T10:14:58+00:00","dateModified":"2021-04-29T20:52:45+00:00","breadcrumb":{"@id":"https:\/\/lauraprincemusic.com\/mentions-legales\/#breadcrumb"},"inLanguage":"en-GB","potentialAction":[{"@type":"ReadAction","target":["https:\/\/lauraprincemusic.com\/mentions-legales\/"]}]},{"@type":"BreadcrumbList","@id":"https:\/\/lauraprincemusic.com\/mentions-legales\/#breadcrumb","itemListElement":[{"@type":"ListItem","position":1,"name":"Accueil","item":"https:\/\/lauraprincemusic.com\/"},{"@type":"ListItem","position":2,"name":"Mentions l\u00e9gales"}]},{"@type":"WebSite","@id":"https:\/\/lauraprincemusic.com\/#website","url":"https:\/\/lauraprincemusic.com\/","name":"Laura Prince","description":"Site officiel de Laura Prince. Auteure, compositeur, interpr\u00e8te, elle est avant tout chanteuse et musicienne.","publisher":{"@id":"https:\/\/lauraprincemusic.com\/#organization"},"potentialAction":[{"@type":"SearchAction","target":{"@type":"EntryPoint","urlTemplate":"https:\/\/lauraprincemusic.com\/?s={search_term_string}"},"query-input":{"@type":"PropertyValueSpecification","valueRequired":true,"valueName":"search_term_string"}}],"inLanguage":"en-GB"},{"@type":"Organization","@id":"https:\/\/lauraprincemusic.com\/#organization","name":"Laura Prince","url":"https:\/\/lauraprincemusic.com\/","logo":{"@type":"ImageObject","inLanguage":"en-GB","@id":"https:\/\/lauraprincemusic.com\/#\/schema\/logo\/image\/","url":"https:\/\/lauraprincemusic.com\/wp-content\/uploads\/2020\/04\/coveralbumlauraprincefinal.jpg","contentUrl":"https:\/\/lauraprincemusic.com\/wp-content\/uploads\/2020\/04\/coveralbumlauraprincefinal.jpg","width":1654,"height":1478,"caption":"Laura Prince"},"image":{"@id":"https:\/\/lauraprincemusic.com\/#\/schema\/logo\/image\/"}}]}},"_links":{"self":[{"href":"https:\/\/lauraprincemusic.com\/en\/wp-json\/wp\/v2\/pages\/2530","targetHints":{"allow":["GET"]}}],"collection":[{"href":"https:\/\/lauraprincemusic.com\/en\/wp-json\/wp\/v2\/pages"}],"about":[{"href":"https:\/\/lauraprincemusic.com\/en\/wp-json\/wp\/v2\/types\/page"}],"author":[{"embeddable":true,"href":"https:\/\/lauraprincemusic.com\/en\/wp-json\/wp\/v2\/users\/1"}],"replies":[{"embeddable":true,"href":"https:\/\/lauraprincemusic.com\/en\/wp-json\/wp\/v2\/comments?post=2530"}],"version-history":[{"count":0,"href":"https:\/\/lauraprincemusic.com\/en\/wp-json\/wp\/v2\/pages\/2530\/revisions"}],"wp:attachment":[{"href":"https:\/\/lauraprincemusic.com\/en\/wp-json\/wp\/v2\/media?parent=2530"}],"curies":[{"name":"wp","href":"https:\/\/api.w.org\/{rel}","templated":true}]}}