{"id":2584,"date":"2021-04-27T16:24:18","date_gmt":"2021-04-27T14:24:18","guid":{"rendered":"https:\/\/lauraprincemusic.com\/?page_id=2584"},"modified":"2021-04-29T22:54:08","modified_gmt":"2021-04-29T20:54:08","slug":"politique-de-confidentialite","status":"publish","type":"page","link":"https:\/\/lauraprincemusic.com\/en\/politique-de-confidentialite\/","title":{"rendered":"Privacy policy"},"content":{"rendered":"<div data-elementor-type=\"wp-page\" data-elementor-id=\"2584\" class=\"elementor elementor-2584\" data-elementor-post-type=\"page\">\n\t\t\t\t\t\t<section class=\"elementor-section elementor-top-section elementor-element elementor-element-2a30c42 elementor-section-boxed elementor-section-height-default elementor-section-height-default\" data-id=\"2a30c42\" data-element_type=\"section\">\n\t\t\t\t\t\t<div class=\"elementor-container elementor-column-gap-default\">\n\t\t\t\t\t<div class=\"elementor-column elementor-col-100 elementor-top-column elementor-element elementor-element-12d2b58\" data-id=\"12d2b58\" data-element_type=\"column\">\n\t\t\t<div class=\"elementor-widget-wrap elementor-element-populated\">\n\t\t\t\t\t\t<div class=\"elementor-element elementor-element-01e85e7 elementor-widget elementor-widget-heading\" data-id=\"01e85e7\" data-element_type=\"widget\" data-widget_type=\"heading.default\">\n\t\t\t\t<div class=\"elementor-widget-container\">\n\t\t\t\t\t<h1 class=\"elementor-heading-title elementor-size-default\">PRIVACY POLICY<\/h1>\t\t\t\t<\/div>\n\t\t\t\t<\/div>\n\t\t\t\t\t<\/div>\n\t\t<\/div>\n\t\t\t\t\t<\/div>\n\t\t<\/section>\n\t\t\t\t<section class=\"elementor-section elementor-top-section elementor-element elementor-element-de9b0f9 elementor-section-boxed elementor-section-height-default elementor-section-height-default\" data-id=\"de9b0f9\" data-element_type=\"section\">\n\t\t\t\t\t\t<div class=\"elementor-container elementor-column-gap-default\">\n\t\t\t\t\t<div class=\"elementor-column elementor-col-100 elementor-top-column elementor-element elementor-element-d55e581\" data-id=\"d55e581\" data-element_type=\"column\">\n\t\t\t<div class=\"elementor-widget-wrap elementor-element-populated\">\n\t\t\t\t\t\t<section class=\"elementor-section elementor-inner-section elementor-element elementor-element-f42b202 elementor-section-boxed elementor-section-height-default elementor-section-height-default\" data-id=\"f42b202\" data-element_type=\"section\">\n\t\t\t\t\t\t<div class=\"elementor-container elementor-column-gap-default\">\n\t\t\t\t\t<div class=\"elementor-column elementor-col-100 elementor-inner-column elementor-element elementor-element-c96212e\" data-id=\"c96212e\" data-element_type=\"column\">\n\t\t\t<div class=\"elementor-widget-wrap elementor-element-populated\">\n\t\t\t\t\t\t<div class=\"elementor-element elementor-element-7f71c4e elementor-widget elementor-widget-text-editor\" data-id=\"7f71c4e\" data-element_type=\"widget\" data-no-translation=\"\" data-widget_type=\"text-editor.default\">\n\t\t\t\t<div class=\"elementor-widget-container\">\n\t\t\t\t\t<style>.elementor-element-7f71c4e{display:none !important}<\/style>\t\t\t\t<\/div>\n\t\t\t\t<\/div>\n\t\t\t\t<div class=\"elementor-element elementor-element-5862e1a elementor-widget elementor-widget-text-editor\" data-id=\"5862e1a\" data-element_type=\"widget\" data-no-translation=\"\" data-widget_type=\"text-editor.default\">\n\t\t\t\t<div class=\"elementor-widget-container\">\n\t\t\t\t\t\t\t\t\t<p>Who are we ?<br \/>Our website address is: https:\/\/lauraprincemusic.com.<\/p><p>Use of personal data collected<br \/>Comments<br \/>When you leave a comment on our website, the data entered in the comment form, as well as your IP address and the user agent of your browser are collected to help us detect unwanted comments.<\/p><p>An anonymized channel created from your email address (also called a hash) can be sent to the Gravatar service to check if you are using the service. The Gravatar service confidentiality clauses are available here: https:\/\/automattic.com\/privacy\/. After validation of your comment, your profile picture will be publicly visible next to your comment.<\/p><p>Media<br \/>If you are a registered user and upload images to the website, we recommend that you avoid uploading images that contain EXIF \u200b\u200bGPS coordinate data. Visitors to your website can download and extract location data from these images.<\/p><p>Contact Forms and Newsletter<br \/>The personal data that may be requested from you (exclusively for the purpose of receiving our newsletter or contacting us) are your first name, last name and email address.<\/p><p>Cookies<br \/>If you leave a comment on our site, you will be offered to save your name, email address and website in cookies. This is only for your convenience so that you do not have to enter this information if you post another comment later. These cookies expire after one year.<\/p><p>If you go to the login page, a temporary cookie will be created to determine if your browser accepts cookies. It does not contain any personal data and will be automatically deleted when you close your browser.<\/p><p>When you log in, we will set up a number of cookies to save your login information and screen preferences. The lifespan of a login cookie is two days, that of a screen option cookie is one year. If you check \u00ab\u00a0Remember me\u00a0\u00bb, your connection cookie will be kept for two weeks. If you log out of your account, the connection cookie will be deleted.<\/p><p>By modifying or publishing a post, an additional cookie will be saved in your browser. This cookie does not include any personal data. It just shows the ID of the post you just edited. It expires after a day.<\/p><p>Content embedded from other sites<br \/>Articles on this site may include embedded content (eg videos, images, articles, etc.). Content embedded from other sites behaves the same as if the visitor were to that other site.<\/p><p>These websites could collect data about you, use cookies, embed third-party tracking tools, track your interactions with these embedded content if you have a connected account on their website.<\/p><p>Statistics and audience measurements<br \/>In order to improve our site, we use Google Analytics which is a \u00ab\u00a0web audience analysis tool that allows website and app owners to better understand the behavior of their users.\u00a0\u00bb This tool may use cookies to collect information and generate reports on website usage statistics without individual users being personally identified by Google.<\/p><p>Use and transmission of your personal data<br \/>How long is your data stored<br \/>If you leave a comment, the comment and its metadata are retained indefinitely. This allows subsequent comments to be recognized and approved automatically instead of leaving them in the moderation queue.<\/p><p>For users who register on our site (if possible), we also store the personal data indicated in their profile. All users can view, edit, or delete their personal information at any time (except their username ice). Site managers can also view and edit this information.<\/p><p>The rights you have over your data<br \/>If you have an account or if you have left comments on the site, you can request to receive a file containing all the personal data that we hold about you, including those that you have provided to us. You can also request the deletion of personal data concerning you. This does not take into account data stored for administrative, legal or security reasons.<\/p><p>Transmission of your personal data<br \/>We undertake not to resell or give away your personal information which is not kept when you request to no longer receive our newsletter.<\/p><p>Visitor comments can be verified using an automated spam detection service.<\/p><p>Contact information<br \/>You can make your request on the Contact page, using the form.<\/p><p>Additional Information<br \/>litespeed-cache<br \/>This site uses caching to facilitate faster response time and better user experience. Caching potentially stores a copy of every web page displayed on that site. All cache files are temporary and can never be accessed by a third party unless it is necessary to obtain technical support from the cache extension vendor. Cache files expire on a schedule set by the site administrator, but can easily be purged by the administrator before their natural expiration, if necessary.<\/p><p>How we protect your data<br \/>We apply security procedures and take reasonable technical and organizational measures to protect your personal data against destruction, loss, disclosure or unauthorized use, whether accidental or unlawful.<\/p><p>We will ensure that access and use of your personal data is limited to authorized persons and authorized third parties who must reasonably be aware of it in order to provide our services and for the proper execution of our activities, and who are required to confidentiality obligations.<\/p>\t\t\t\t\t\t\t\t<\/div>\n\t\t\t\t<\/div>\n\t\t\t\t\t<\/div>\n\t\t<\/div>\n\t\t\t\t\t<\/div>\n\t\t<\/section>\n\t\t\t\t\t<\/div>\n\t\t<\/div>\n\t\t\t\t\t<\/div>\n\t\t<\/section>\n\t\t\t\t<\/div>","protected":false},"excerpt":{"rendered":"<p>POLITIQUE DE CONFIDENTIALIT\u00c9 Qui sommes-nous ? L\u2019adresse de notre site Web est : https:\/\/lauraprincemusic.com. Utilisation des donn\u00e9es personnelles collect\u00e9es Commentaires Quand vous laissez un commentaire sur notre site web, les donn\u00e9es inscrites dans le formulaire de commentaire, mais aussi votre adresse IP et l\u2019agent utilisateur de votre navigateur sont collect\u00e9s pour nous aider \u00e0 la [&hellip;]<\/p>","protected":false},"author":1,"featured_media":0,"parent":0,"menu_order":0,"comment_status":"closed","ping_status":"closed","template":"elementor_header_footer","meta":{"footnotes":""},"class_list":["post-2584","page","type-page","status-publish","hentry"],"yoast_head":"<!-- This site is optimized with the Yoast SEO plugin v24.9 - https:\/\/yoast.com\/wordpress\/plugins\/seo\/ -->\n<title>Politique de confidentialit\u00e9 - Laura Prince<\/title>\n<meta name=\"robots\" content=\"noindex, nofollow\" \/>\n<meta property=\"og:locale\" content=\"en_GB\" \/>\n<meta property=\"og:type\" content=\"article\" \/>\n<meta property=\"og:title\" content=\"Politique de confidentialit\u00e9 - Laura Prince\" \/>\n<meta property=\"og:description\" content=\"POLITIQUE DE CONFIDENTIALIT\u00c9 Qui sommes-nous ? L\u2019adresse de notre site Web est : https:\/\/lauraprincemusic.com. Utilisation des donn\u00e9es personnelles collect\u00e9es Commentaires Quand vous laissez un commentaire sur notre site web, les donn\u00e9es inscrites dans le formulaire de commentaire, mais aussi votre adresse IP et l\u2019agent utilisateur de votre navigateur sont collect\u00e9s pour nous aider \u00e0 la [&hellip;]\" \/>\n<meta property=\"og:url\" content=\"https:\/\/lauraprincemusic.com\/en\/politique-de-confidentialite\/\" \/>\n<meta property=\"og:site_name\" content=\"Laura Prince\" \/>\n<meta property=\"article:modified_time\" content=\"2021-04-29T20:54:08+00:00\" \/>\n<meta name=\"twitter:card\" content=\"summary_large_image\" \/>\n<meta name=\"twitter:label1\" content=\"Estimated reading time\" \/>\n\t<meta name=\"twitter:data1\" content=\"10 minutes\" \/>\n<script type=\"application\/ld+json\" class=\"yoast-schema-graph\">{\"@context\":\"https:\/\/schema.org\",\"@graph\":[{\"@type\":\"WebPage\",\"@id\":\"https:\/\/lauraprincemusic.com\/politique-de-confidentialite\/\",\"url\":\"https:\/\/lauraprincemusic.com\/politique-de-confidentialite\/\",\"name\":\"Politique de confidentialit\u00e9 - Laura Prince\",\"isPartOf\":{\"@id\":\"https:\/\/lauraprincemusic.com\/#website\"},\"datePublished\":\"2021-04-27T14:24:18+00:00\",\"dateModified\":\"2021-04-29T20:54:08+00:00\",\"breadcrumb\":{\"@id\":\"https:\/\/lauraprincemusic.com\/politique-de-confidentialite\/#breadcrumb\"},\"inLanguage\":\"en-GB\",\"potentialAction\":[{\"@type\":\"ReadAction\",\"target\":[\"https:\/\/lauraprincemusic.com\/politique-de-confidentialite\/\"]}]},{\"@type\":\"BreadcrumbList\",\"@id\":\"https:\/\/lauraprincemusic.com\/politique-de-confidentialite\/#breadcrumb\",\"itemListElement\":[{\"@type\":\"ListItem\",\"position\":1,\"name\":\"Accueil\",\"item\":\"https:\/\/lauraprincemusic.com\/\"},{\"@type\":\"ListItem\",\"position\":2,\"name\":\"Politique de confidentialit\u00e9\"}]},{\"@type\":\"WebSite\",\"@id\":\"https:\/\/lauraprincemusic.com\/#website\",\"url\":\"https:\/\/lauraprincemusic.com\/\",\"name\":\"Laura Prince\",\"description\":\"Site officiel de Laura Prince. Auteure, compositeur, interpr\u00e8te, elle est avant tout chanteuse et musicienne.\",\"publisher\":{\"@id\":\"https:\/\/lauraprincemusic.com\/#organization\"},\"potentialAction\":[{\"@type\":\"SearchAction\",\"target\":{\"@type\":\"EntryPoint\",\"urlTemplate\":\"https:\/\/lauraprincemusic.com\/?s={search_term_string}\"},\"query-input\":{\"@type\":\"PropertyValueSpecification\",\"valueRequired\":true,\"valueName\":\"search_term_string\"}}],\"inLanguage\":\"en-GB\"},{\"@type\":\"Organization\",\"@id\":\"https:\/\/lauraprincemusic.com\/#organization\",\"name\":\"Laura Prince\",\"url\":\"https:\/\/lauraprincemusic.com\/\",\"logo\":{\"@type\":\"ImageObject\",\"inLanguage\":\"en-GB\",\"@id\":\"https:\/\/lauraprincemusic.com\/#\/schema\/logo\/image\/\",\"url\":\"https:\/\/lauraprincemusic.com\/wp-content\/uploads\/2020\/04\/coveralbumlauraprincefinal.jpg\",\"contentUrl\":\"https:\/\/lauraprincemusic.com\/wp-content\/uploads\/2020\/04\/coveralbumlauraprincefinal.jpg\",\"width\":1654,\"height\":1478,\"caption\":\"Laura Prince\"},\"image\":{\"@id\":\"https:\/\/lauraprincemusic.com\/#\/schema\/logo\/image\/\"}}]}<\/script>\n<!-- \/ Yoast SEO plugin. -->","yoast_head_json":{"title":"Politique de confidentialit\u00e9 - Laura Prince","robots":{"index":"noindex","follow":"nofollow"},"og_locale":"en_GB","og_type":"article","og_title":"Politique de confidentialit\u00e9 - Laura Prince","og_description":"POLITIQUE DE CONFIDENTIALIT\u00c9 Qui sommes-nous ? L\u2019adresse de notre site Web est : https:\/\/lauraprincemusic.com. Utilisation des donn\u00e9es personnelles collect\u00e9es Commentaires Quand vous laissez un commentaire sur notre site web, les donn\u00e9es inscrites dans le formulaire de commentaire, mais aussi votre adresse IP et l\u2019agent utilisateur de votre navigateur sont collect\u00e9s pour nous aider \u00e0 la [&hellip;]","og_url":"https:\/\/lauraprincemusic.com\/en\/politique-de-confidentialite\/","og_site_name":"Laura Prince","article_modified_time":"2021-04-29T20:54:08+00:00","twitter_card":"summary_large_image","twitter_misc":{"Estimated reading time":"10 minutes"},"schema":{"@context":"https:\/\/schema.org","@graph":[{"@type":"WebPage","@id":"https:\/\/lauraprincemusic.com\/politique-de-confidentialite\/","url":"https:\/\/lauraprincemusic.com\/politique-de-confidentialite\/","name":"Politique de confidentialit\u00e9 - Laura Prince","isPartOf":{"@id":"https:\/\/lauraprincemusic.com\/#website"},"datePublished":"2021-04-27T14:24:18+00:00","dateModified":"2021-04-29T20:54:08+00:00","breadcrumb":{"@id":"https:\/\/lauraprincemusic.com\/politique-de-confidentialite\/#breadcrumb"},"inLanguage":"en-GB","potentialAction":[{"@type":"ReadAction","target":["https:\/\/lauraprincemusic.com\/politique-de-confidentialite\/"]}]},{"@type":"BreadcrumbList","@id":"https:\/\/lauraprincemusic.com\/politique-de-confidentialite\/#breadcrumb","itemListElement":[{"@type":"ListItem","position":1,"name":"Accueil","item":"https:\/\/lauraprincemusic.com\/"},{"@type":"ListItem","position":2,"name":"Politique de confidentialit\u00e9"}]},{"@type":"WebSite","@id":"https:\/\/lauraprincemusic.com\/#website","url":"https:\/\/lauraprincemusic.com\/","name":"Laura Prince","description":"Site officiel de Laura Prince. Auteure, compositeur, interpr\u00e8te, elle est avant tout chanteuse et musicienne.","publisher":{"@id":"https:\/\/lauraprincemusic.com\/#organization"},"potentialAction":[{"@type":"SearchAction","target":{"@type":"EntryPoint","urlTemplate":"https:\/\/lauraprincemusic.com\/?s={search_term_string}"},"query-input":{"@type":"PropertyValueSpecification","valueRequired":true,"valueName":"search_term_string"}}],"inLanguage":"en-GB"},{"@type":"Organization","@id":"https:\/\/lauraprincemusic.com\/#organization","name":"Laura Prince","url":"https:\/\/lauraprincemusic.com\/","logo":{"@type":"ImageObject","inLanguage":"en-GB","@id":"https:\/\/lauraprincemusic.com\/#\/schema\/logo\/image\/","url":"https:\/\/lauraprincemusic.com\/wp-content\/uploads\/2020\/04\/coveralbumlauraprincefinal.jpg","contentUrl":"https:\/\/lauraprincemusic.com\/wp-content\/uploads\/2020\/04\/coveralbumlauraprincefinal.jpg","width":1654,"height":1478,"caption":"Laura Prince"},"image":{"@id":"https:\/\/lauraprincemusic.com\/#\/schema\/logo\/image\/"}}]}},"_links":{"self":[{"href":"https:\/\/lauraprincemusic.com\/en\/wp-json\/wp\/v2\/pages\/2584","targetHints":{"allow":["GET"]}}],"collection":[{"href":"https:\/\/lauraprincemusic.com\/en\/wp-json\/wp\/v2\/pages"}],"about":[{"href":"https:\/\/lauraprincemusic.com\/en\/wp-json\/wp\/v2\/types\/page"}],"author":[{"embeddable":true,"href":"https:\/\/lauraprincemusic.com\/en\/wp-json\/wp\/v2\/users\/1"}],"replies":[{"embeddable":true,"href":"https:\/\/lauraprincemusic.com\/en\/wp-json\/wp\/v2\/comments?post=2584"}],"version-history":[{"count":0,"href":"https:\/\/lauraprincemusic.com\/en\/wp-json\/wp\/v2\/pages\/2584\/revisions"}],"wp:attachment":[{"href":"https:\/\/lauraprincemusic.com\/en\/wp-json\/wp\/v2\/media?parent=2584"}],"curies":[{"name":"wp","href":"https:\/\/api.w.org\/{rel}","templated":true}]}}