{"id":2624,"date":"2021-04-27T16:54:55","date_gmt":"2021-04-27T14:54:55","guid":{"rendered":"https:\/\/lauraprincemusic.com\/?page_id=2624"},"modified":"2021-04-29T22:52:14","modified_gmt":"2021-04-29T20:52:14","slug":"conditions-generales-de-ventes","status":"publish","type":"page","link":"https:\/\/lauraprincemusic.com\/en\/conditions-generales-de-ventes\/","title":{"rendered":"Conditions g\u00e9n\u00e9rales de ventes"},"content":{"rendered":"<div data-elementor-type=\"wp-page\" data-elementor-id=\"2624\" class=\"elementor elementor-2624\" data-elementor-post-type=\"page\">\n\t\t\t\t\t\t<section class=\"elementor-section elementor-top-section elementor-element elementor-element-2a02640 elementor-section-boxed elementor-section-height-default elementor-section-height-default\" data-id=\"2a02640\" data-element_type=\"section\">\n\t\t\t\t\t\t<div class=\"elementor-container elementor-column-gap-default\">\n\t\t\t\t\t<div class=\"elementor-column elementor-col-100 elementor-top-column elementor-element elementor-element-e59b943\" data-id=\"e59b943\" data-element_type=\"column\">\n\t\t\t<div class=\"elementor-widget-wrap elementor-element-populated\">\n\t\t\t\t\t\t<div class=\"elementor-element elementor-element-6825ad4 elementor-widget elementor-widget-heading\" data-id=\"6825ad4\" data-element_type=\"widget\" data-widget_type=\"heading.default\">\n\t\t\t\t<div class=\"elementor-widget-container\">\n\t\t\t\t\t<h1 class=\"elementor-heading-title elementor-size-default\">TERMS AND CONDITIONS<\/h1>\t\t\t\t<\/div>\n\t\t\t\t<\/div>\n\t\t\t\t\t<\/div>\n\t\t<\/div>\n\t\t\t\t\t<\/div>\n\t\t<\/section>\n\t\t\t\t<section class=\"elementor-section elementor-top-section elementor-element elementor-element-6d71a61 elementor-section-boxed elementor-section-height-default elementor-section-height-default\" data-id=\"6d71a61\" data-element_type=\"section\">\n\t\t\t\t\t\t<div class=\"elementor-container elementor-column-gap-default\">\n\t\t\t\t\t<div class=\"elementor-column elementor-col-100 elementor-top-column elementor-element elementor-element-8edb815\" data-id=\"8edb815\" data-element_type=\"column\">\n\t\t\t<div class=\"elementor-widget-wrap elementor-element-populated\">\n\t\t\t\t\t\t<section class=\"elementor-section elementor-inner-section elementor-element elementor-element-fb4c043 elementor-section-boxed elementor-section-height-default elementor-section-height-default\" data-id=\"fb4c043\" data-element_type=\"section\">\n\t\t\t\t\t\t<div class=\"elementor-container elementor-column-gap-default\">\n\t\t\t\t\t<div class=\"elementor-column elementor-col-100 elementor-inner-column elementor-element elementor-element-c3100d6\" data-id=\"c3100d6\" data-element_type=\"column\">\n\t\t\t<div class=\"elementor-widget-wrap elementor-element-populated\">\n\t\t\t\t\t\t<div class=\"elementor-element elementor-element-d0de1a4 elementor-widget elementor-widget-text-editor\" data-id=\"d0de1a4\" data-element_type=\"widget\" data-no-translation=\"\" data-widget_type=\"text-editor.default\">\n\t\t\t\t<div class=\"elementor-widget-container\">\n\t\t\t\t\t<style>.elementor-element-d0de1a4{display:none !important}<\/style>\t\t\t\t<\/div>\n\t\t\t\t<\/div>\n\t\t\t\t<div class=\"elementor-element elementor-element-d7ec1a0 elementor-widget elementor-widget-text-editor\" data-id=\"d7ec1a0\" data-element_type=\"widget\" data-no-translation=\"\" data-widget_type=\"text-editor.default\">\n\t\t\t\t<div class=\"elementor-widget-container\">\n\t\t\t\t\t\t\t\t\t<p>Clause n \u00b0 1: Purpose<br \/>The general conditions of sale described below detail the rights and obligations of the<br \/>Adjoko company and its client in connection with the sale of the following goods: Physical album \u00ab\u00a0Peace of Mine\u00a0\u00bb.<br \/>Any service performed by the company Adjoko therefore implies the buyer&rsquo;s unreserved acceptance of these general conditions of sale.<\/p><p>Clause n \u00b0 2: Price<br \/>The prices of the goods sold are those in effect on the day the order is taken. They<br \/>are denominated in euros and calculated exclusive of tax. Consequently, they will be increased by the VAT rate and transport costs applicable on the day of the order.<br \/>The Adjoko company grants itself the right to modify its prices at any time.<br \/>However, it undertakes to invoice the goods ordered at the prices indicated when the order is registered.<\/p><p>Clause n \u00b0 3: Discounts and rebates<br \/>The proposed prices include the discounts and rebates that the company Adjoko<br \/>would have to grant taking into account its results or the assumption of responsibility by the purchaser of certain services.<\/p><p>Clause n \u00b0 4: Discount<br \/>No discount will be granted in the event of early payment.<\/p><p>Clause n \u00b0 5: Terms of payment<br \/>Orders are paid for:<\/p><p>\u2022 or by bank card;<\/p><p>\u2022 or by PayPal.<\/p><p>Clause n \u00b0 6: Late payment<br \/>In the event of total or partial non-payment of the goods delivered on the day of receipt,<br \/>the buyer must pay Adjoko a late payment penalty equal to three times the legal interest rate.<br \/>The legal interest rate used is that in force on the day of delivery of the goods.<br \/>From January 1, 2015, the legal interest rate will be revised every 6 months (Ordinance No. 2014-947 of August 20, 2014).<br \/>This penalty is calculated on the amount including tax of the amount remaining due, and runs from the due date of the price without any prior notice being necessary.<br \/>In addition to late payment, any sum, including the deposit, not paid on its due date will automatically result in the payment of a lump sum indemnity of 40 euros due for recovery costs.<br \/>Articles 441-6, I paragraph 12 and D. 441-5 of the Commercial Code.<\/p><p>Clause n \u00b0 7: Termination clause<br \/>If within the fifteen days following the implementation of the \u00ab\u00a0Late payment\u00a0\u00bb clause, the buyer has not paid the sums remaining due, the sale will be automatically terminated and may give rise to the right to the allocation of damages for the benefit of the company Adjoko.<\/p><p>Clause n \u00b0 8: Retention of title clause<br \/>The Adjoko company retains ownership of the goods sold until full payment of the price, in principal and in accessories. As such, if the buyer is the subject of reorganization or judicial liquidation, the company Adjoko reserves the right to claim, within the framework of the collective procedure, the goods sold and remained unpaid.<\/p><p>Clause n \u00b0 9: Delivery<br \/>Delivery is made:<\/p><p>\u2022 or at the place indicated by the buyer on the order form.<br \/>The delivery time indicated during the registration of the order is given only as an indication and is in no way guaranteed.<br \/>Consequently, any reasonable delay in the delivery of the products cannot give rise to the buyer&rsquo;s benefit to:<br \/>\u2022 the award of damages;<br \/>\u2022 cancellation of the order.<br \/>The risk of transport is borne in full by the buyer.<br \/>In the event of missing or damaged goods during transport, the buyer must formulate all the necessary reservations on the order form upon receipt of said goods.<br \/>These reservations must also be confirmed in writing within five days of delivery, by registered post.<\/p><p>Clause n \u00b0 10: Force majeure<br \/>The responsibility of the company Adjoko cannot be implemented if the non-performance or the delay in the performance of one of its obligations described in these general conditions of sale results from a case of force majeure. As such, force majeure means any external, unforeseeable and irresistible event within the meaning of article 1148 of the Civil Code.<\/p><p>Clause n \u00b0 11: Competent court<br \/>Any dispute relating to the interpretation and execution of these general conditions of sale is subject to French law.<br \/>In the absence of an amicable resolution, the dispute will be brought before the Commercial Court of Cr\u00e9teil.<\/p>\t\t\t\t\t\t\t\t<\/div>\n\t\t\t\t<\/div>\n\t\t\t\t\t<\/div>\n\t\t<\/div>\n\t\t\t\t\t<\/div>\n\t\t<\/section>\n\t\t\t\t\t<\/div>\n\t\t<\/div>\n\t\t\t\t\t<\/div>\n\t\t<\/section>\n\t\t\t\t<\/div>","protected":false},"excerpt":{"rendered":"<p>CONDITIONS G\u00c9N\u00c9RALES DE VENTES Clause n\u00b0 1 : Objet Les conditions g\u00e9n\u00e9rales de vente d\u00e9crites ci-apr\u00e8s d\u00e9taillent les droits et obligations de la soci\u00e9t\u00e9 Adjoko et de son client dans le cadre de la vente des marchandises suivantes : Album physique \u00ab\u00a0Peace of Mine\u00a0\u00bb. Toute prestation accomplie par la soci\u00e9t\u00e9&nbsp; Adjoko implique donc l&rsquo;adh\u00e9sion sans [&hellip;]<\/p>","protected":false},"author":1,"featured_media":0,"parent":0,"menu_order":0,"comment_status":"closed","ping_status":"closed","template":"elementor_header_footer","meta":{"footnotes":""},"class_list":["post-2624","page","type-page","status-publish","hentry"],"yoast_head":"<!-- This site is optimized with the Yoast SEO plugin v24.9 - https:\/\/yoast.com\/wordpress\/plugins\/seo\/ -->\n<title>Conditions g\u00e9n\u00e9rales de ventes - Laura Prince<\/title>\n<meta name=\"robots\" content=\"noindex, nofollow\" \/>\n<meta property=\"og:locale\" content=\"en_GB\" \/>\n<meta property=\"og:type\" content=\"article\" \/>\n<meta property=\"og:title\" content=\"Conditions g\u00e9n\u00e9rales de ventes - Laura Prince\" \/>\n<meta property=\"og:description\" content=\"CONDITIONS G\u00c9N\u00c9RALES DE VENTES Clause n\u00b0 1 : Objet Les conditions g\u00e9n\u00e9rales de vente d\u00e9crites ci-apr\u00e8s d\u00e9taillent les droits et obligations de la soci\u00e9t\u00e9 Adjoko et de son client dans le cadre de la vente des marchandises suivantes : Album physique \u00ab\u00a0Peace of Mine\u00a0\u00bb. Toute prestation accomplie par la soci\u00e9t\u00e9&nbsp; Adjoko implique donc l&rsquo;adh\u00e9sion sans [&hellip;]\" \/>\n<meta property=\"og:url\" content=\"https:\/\/lauraprincemusic.com\/en\/conditions-generales-de-ventes\/\" \/>\n<meta property=\"og:site_name\" content=\"Laura Prince\" \/>\n<meta property=\"article:modified_time\" content=\"2021-04-29T20:52:14+00:00\" \/>\n<meta name=\"twitter:card\" content=\"summary_large_image\" \/>\n<meta name=\"twitter:label1\" content=\"Estimated reading time\" \/>\n\t<meta name=\"twitter:data1\" content=\"7 minutes\" \/>\n<script type=\"application\/ld+json\" class=\"yoast-schema-graph\">{\"@context\":\"https:\/\/schema.org\",\"@graph\":[{\"@type\":\"WebPage\",\"@id\":\"https:\/\/lauraprincemusic.com\/conditions-generales-de-ventes\/\",\"url\":\"https:\/\/lauraprincemusic.com\/conditions-generales-de-ventes\/\",\"name\":\"Conditions g\u00e9n\u00e9rales de ventes - Laura Prince\",\"isPartOf\":{\"@id\":\"https:\/\/lauraprincemusic.com\/#website\"},\"datePublished\":\"2021-04-27T14:54:55+00:00\",\"dateModified\":\"2021-04-29T20:52:14+00:00\",\"breadcrumb\":{\"@id\":\"https:\/\/lauraprincemusic.com\/conditions-generales-de-ventes\/#breadcrumb\"},\"inLanguage\":\"en-GB\",\"potentialAction\":[{\"@type\":\"ReadAction\",\"target\":[\"https:\/\/lauraprincemusic.com\/conditions-generales-de-ventes\/\"]}]},{\"@type\":\"BreadcrumbList\",\"@id\":\"https:\/\/lauraprincemusic.com\/conditions-generales-de-ventes\/#breadcrumb\",\"itemListElement\":[{\"@type\":\"ListItem\",\"position\":1,\"name\":\"Accueil\",\"item\":\"https:\/\/lauraprincemusic.com\/\"},{\"@type\":\"ListItem\",\"position\":2,\"name\":\"Conditions g\u00e9n\u00e9rales de ventes\"}]},{\"@type\":\"WebSite\",\"@id\":\"https:\/\/lauraprincemusic.com\/#website\",\"url\":\"https:\/\/lauraprincemusic.com\/\",\"name\":\"Laura Prince\",\"description\":\"Site officiel de Laura Prince. Auteure, compositeur, interpr\u00e8te, elle est avant tout chanteuse et musicienne.\",\"publisher\":{\"@id\":\"https:\/\/lauraprincemusic.com\/#organization\"},\"potentialAction\":[{\"@type\":\"SearchAction\",\"target\":{\"@type\":\"EntryPoint\",\"urlTemplate\":\"https:\/\/lauraprincemusic.com\/?s={search_term_string}\"},\"query-input\":{\"@type\":\"PropertyValueSpecification\",\"valueRequired\":true,\"valueName\":\"search_term_string\"}}],\"inLanguage\":\"en-GB\"},{\"@type\":\"Organization\",\"@id\":\"https:\/\/lauraprincemusic.com\/#organization\",\"name\":\"Laura Prince\",\"url\":\"https:\/\/lauraprincemusic.com\/\",\"logo\":{\"@type\":\"ImageObject\",\"inLanguage\":\"en-GB\",\"@id\":\"https:\/\/lauraprincemusic.com\/#\/schema\/logo\/image\/\",\"url\":\"https:\/\/lauraprincemusic.com\/wp-content\/uploads\/2020\/04\/coveralbumlauraprincefinal.jpg\",\"contentUrl\":\"https:\/\/lauraprincemusic.com\/wp-content\/uploads\/2020\/04\/coveralbumlauraprincefinal.jpg\",\"width\":1654,\"height\":1478,\"caption\":\"Laura Prince\"},\"image\":{\"@id\":\"https:\/\/lauraprincemusic.com\/#\/schema\/logo\/image\/\"}}]}<\/script>\n<!-- \/ Yoast SEO plugin. -->","yoast_head_json":{"title":"Conditions g\u00e9n\u00e9rales de ventes - Laura Prince","robots":{"index":"noindex","follow":"nofollow"},"og_locale":"en_GB","og_type":"article","og_title":"Conditions g\u00e9n\u00e9rales de ventes - Laura Prince","og_description":"CONDITIONS G\u00c9N\u00c9RALES DE VENTES Clause n\u00b0 1 : Objet Les conditions g\u00e9n\u00e9rales de vente d\u00e9crites ci-apr\u00e8s d\u00e9taillent les droits et obligations de la soci\u00e9t\u00e9 Adjoko et de son client dans le cadre de la vente des marchandises suivantes : Album physique \u00ab\u00a0Peace of Mine\u00a0\u00bb. Toute prestation accomplie par la soci\u00e9t\u00e9&nbsp; Adjoko implique donc l&rsquo;adh\u00e9sion sans [&hellip;]","og_url":"https:\/\/lauraprincemusic.com\/en\/conditions-generales-de-ventes\/","og_site_name":"Laura Prince","article_modified_time":"2021-04-29T20:52:14+00:00","twitter_card":"summary_large_image","twitter_misc":{"Estimated reading time":"7 minutes"},"schema":{"@context":"https:\/\/schema.org","@graph":[{"@type":"WebPage","@id":"https:\/\/lauraprincemusic.com\/conditions-generales-de-ventes\/","url":"https:\/\/lauraprincemusic.com\/conditions-generales-de-ventes\/","name":"Conditions g\u00e9n\u00e9rales de ventes - Laura Prince","isPartOf":{"@id":"https:\/\/lauraprincemusic.com\/#website"},"datePublished":"2021-04-27T14:54:55+00:00","dateModified":"2021-04-29T20:52:14+00:00","breadcrumb":{"@id":"https:\/\/lauraprincemusic.com\/conditions-generales-de-ventes\/#breadcrumb"},"inLanguage":"en-GB","potentialAction":[{"@type":"ReadAction","target":["https:\/\/lauraprincemusic.com\/conditions-generales-de-ventes\/"]}]},{"@type":"BreadcrumbList","@id":"https:\/\/lauraprincemusic.com\/conditions-generales-de-ventes\/#breadcrumb","itemListElement":[{"@type":"ListItem","position":1,"name":"Accueil","item":"https:\/\/lauraprincemusic.com\/"},{"@type":"ListItem","position":2,"name":"Conditions g\u00e9n\u00e9rales de ventes"}]},{"@type":"WebSite","@id":"https:\/\/lauraprincemusic.com\/#website","url":"https:\/\/lauraprincemusic.com\/","name":"Laura Prince","description":"Site officiel de Laura Prince. Auteure, compositeur, interpr\u00e8te, elle est avant tout chanteuse et musicienne.","publisher":{"@id":"https:\/\/lauraprincemusic.com\/#organization"},"potentialAction":[{"@type":"SearchAction","target":{"@type":"EntryPoint","urlTemplate":"https:\/\/lauraprincemusic.com\/?s={search_term_string}"},"query-input":{"@type":"PropertyValueSpecification","valueRequired":true,"valueName":"search_term_string"}}],"inLanguage":"en-GB"},{"@type":"Organization","@id":"https:\/\/lauraprincemusic.com\/#organization","name":"Laura Prince","url":"https:\/\/lauraprincemusic.com\/","logo":{"@type":"ImageObject","inLanguage":"en-GB","@id":"https:\/\/lauraprincemusic.com\/#\/schema\/logo\/image\/","url":"https:\/\/lauraprincemusic.com\/wp-content\/uploads\/2020\/04\/coveralbumlauraprincefinal.jpg","contentUrl":"https:\/\/lauraprincemusic.com\/wp-content\/uploads\/2020\/04\/coveralbumlauraprincefinal.jpg","width":1654,"height":1478,"caption":"Laura Prince"},"image":{"@id":"https:\/\/lauraprincemusic.com\/#\/schema\/logo\/image\/"}}]}},"_links":{"self":[{"href":"https:\/\/lauraprincemusic.com\/en\/wp-json\/wp\/v2\/pages\/2624","targetHints":{"allow":["GET"]}}],"collection":[{"href":"https:\/\/lauraprincemusic.com\/en\/wp-json\/wp\/v2\/pages"}],"about":[{"href":"https:\/\/lauraprincemusic.com\/en\/wp-json\/wp\/v2\/types\/page"}],"author":[{"embeddable":true,"href":"https:\/\/lauraprincemusic.com\/en\/wp-json\/wp\/v2\/users\/1"}],"replies":[{"embeddable":true,"href":"https:\/\/lauraprincemusic.com\/en\/wp-json\/wp\/v2\/comments?post=2624"}],"version-history":[{"count":0,"href":"https:\/\/lauraprincemusic.com\/en\/wp-json\/wp\/v2\/pages\/2624\/revisions"}],"wp:attachment":[{"href":"https:\/\/lauraprincemusic.com\/en\/wp-json\/wp\/v2\/media?parent=2624"}],"curies":[{"name":"wp","href":"https:\/\/api.w.org\/{rel}","templated":true}]}}