{"id":3520,"date":"2025-04-23T13:45:08","date_gmt":"2025-04-23T11:45:08","guid":{"rendered":"https:\/\/lauraprincemusic.com\/?post_type=product&#038;p=3520"},"modified":"2025-04-24T17:21:28","modified_gmt":"2025-04-24T15:21:28","slug":"adjoko-cd","status":"publish","type":"product","link":"https:\/\/lauraprincemusic.com\/en\/product\/adjoko-cd\/","title":{"rendered":"ADJOKO (CD)"},"content":{"rendered":"<p>Avec ADJOKO, Laura Prince livre un album intime et vibrant, \u00e0 la crois\u00e9e du jazz, de la soul et des chants traditionnels africains. Fruit d&rsquo;une immersion au Togo, ce second opus explore la qu\u00eate des origines et la transmission. Adjoko, son pr\u00e9nom togolais, devient un symbole identitaire fort, r\u00e9sonnant aussi comme un hommage \u00e0 Mary Prince, figure de l\u2019\u00e9mancipation. Une travers\u00e9e musicale entre m\u00e9moire, libert\u00e9 et modernit\u00e9.<\/p>","protected":false},"excerpt":{"rendered":"<p>Physical CD<\/p>\n<p><strong>Choose with dedication or without<\/strong><\/p>\n<p><em>For more than 10 CD contact :<\/em><\/p>\n<p><em>contact@lauraprincemusic.com<\/em><\/p>\n<p>Expedition : France J+2 \/ Europe J+ 2-5 \/ World J+ 6-12<\/p>","protected":false},"featured_media":3528,"template":"","meta":[],"product_brand":[],"product_cat":[19],"product_tag":[],"class_list":{"0":"post-3520","1":"product","2":"type-product","3":"status-publish","4":"has-post-thumbnail","6":"product_cat-album","8":"first","9":"instock","10":"taxable","11":"shipping-taxable","12":"purchasable","13":"product-type-variable"},"yoast_head":"<!-- This site is optimized with the Yoast SEO plugin v24.9 - https:\/\/yoast.com\/wordpress\/plugins\/seo\/ -->\n<title>ADJOKO (CD) - Laura Prince<\/title>\n<meta name=\"robots\" content=\"index, follow, max-snippet:-1, max-image-preview:large, max-video-preview:-1\" \/>\n<link rel=\"canonical\" href=\"https:\/\/lauraprincemusic.com\/en\/product\/adjoko-cd\/\" \/>\n<meta property=\"og:locale\" content=\"en_GB\" \/>\n<meta property=\"og:type\" content=\"article\" \/>\n<meta property=\"og:title\" content=\"ADJOKO (CD) - Laura Prince\" \/>\n<meta property=\"og:description\" content=\"CD physique  Choisir avec d\u00e9dicace ou sans.  Pour plus de 10 CD contactez :  contact@lauraprincemusic.com  Exp\u00e9dition : France J+2 \/ Europe J+ 2-5 \/ Monde J+ 6-12\" \/>\n<meta property=\"og:url\" content=\"https:\/\/lauraprincemusic.com\/en\/product\/adjoko-cd\/\" \/>\n<meta property=\"og:site_name\" content=\"Laura Prince\" \/>\n<meta property=\"article:modified_time\" content=\"2025-04-24T15:21:28+00:00\" \/>\n<meta property=\"og:image\" content=\"https:\/\/lauraprincemusic.com\/wp-content\/uploads\/2025\/04\/Laura-Prince-Adjoko-MOCKUP-cover-digi_600x469_mini.jpg\" \/>\n\t<meta property=\"og:image:width\" content=\"600\" \/>\n\t<meta property=\"og:image:height\" content=\"429\" \/>\n\t<meta property=\"og:image:type\" content=\"image\/jpeg\" \/>\n<meta name=\"twitter:card\" content=\"summary_large_image\" \/>\n<meta name=\"twitter:label1\" content=\"Estimated reading time\" \/>\n\t<meta name=\"twitter:data1\" content=\"1 minute\" \/>\n<script type=\"application\/ld+json\" class=\"yoast-schema-graph\">{\"@context\":\"https:\/\/schema.org\",\"@graph\":[{\"@type\":\"WebPage\",\"@id\":\"https:\/\/lauraprincemusic.com\/produit\/adjoko-cd\/\",\"url\":\"https:\/\/lauraprincemusic.com\/produit\/adjoko-cd\/\",\"name\":\"ADJOKO (CD) - Laura Prince\",\"isPartOf\":{\"@id\":\"https:\/\/lauraprincemusic.com\/#website\"},\"primaryImageOfPage\":{\"@id\":\"https:\/\/lauraprincemusic.com\/produit\/adjoko-cd\/#primaryimage\"},\"image\":{\"@id\":\"https:\/\/lauraprincemusic.com\/produit\/adjoko-cd\/#primaryimage\"},\"thumbnailUrl\":\"https:\/\/lauraprincemusic.com\/wp-content\/uploads\/2025\/04\/Laura-Prince-Adjoko-MOCKUP-cover-digi_600x469_mini.jpg\",\"datePublished\":\"2025-04-23T11:45:08+00:00\",\"dateModified\":\"2025-04-24T15:21:28+00:00\",\"breadcrumb\":{\"@id\":\"https:\/\/lauraprincemusic.com\/produit\/adjoko-cd\/#breadcrumb\"},\"inLanguage\":\"en-GB\",\"potentialAction\":[{\"@type\":\"ReadAction\",\"target\":[\"https:\/\/lauraprincemusic.com\/produit\/adjoko-cd\/\"]}]},{\"@type\":\"ImageObject\",\"inLanguage\":\"en-GB\",\"@id\":\"https:\/\/lauraprincemusic.com\/produit\/adjoko-cd\/#primaryimage\",\"url\":\"https:\/\/lauraprincemusic.com\/wp-content\/uploads\/2025\/04\/Laura-Prince-Adjoko-MOCKUP-cover-digi_600x469_mini.jpg\",\"contentUrl\":\"https:\/\/lauraprincemusic.com\/wp-content\/uploads\/2025\/04\/Laura-Prince-Adjoko-MOCKUP-cover-digi_600x469_mini.jpg\",\"width\":600,\"height\":429,\"caption\":\"Couverture du Nouvel album Adjoko version CD\"},{\"@type\":\"BreadcrumbList\",\"@id\":\"https:\/\/lauraprincemusic.com\/produit\/adjoko-cd\/#breadcrumb\",\"itemListElement\":[{\"@type\":\"ListItem\",\"position\":1,\"name\":\"Accueil\",\"item\":\"https:\/\/lauraprincemusic.com\/\"},{\"@type\":\"ListItem\",\"position\":2,\"name\":\"Boutique\",\"item\":\"https:\/\/lauraprincemusic.com\/boutique\/\"},{\"@type\":\"ListItem\",\"position\":3,\"name\":\"ADJOKO (CD)\"}]},{\"@type\":\"WebSite\",\"@id\":\"https:\/\/lauraprincemusic.com\/#website\",\"url\":\"https:\/\/lauraprincemusic.com\/\",\"name\":\"Laura Prince\",\"description\":\"Site officiel de Laura Prince. Auteure, compositeur, interpr\u00e8te, elle est avant tout chanteuse et musicienne.\",\"publisher\":{\"@id\":\"https:\/\/lauraprincemusic.com\/#organization\"},\"potentialAction\":[{\"@type\":\"SearchAction\",\"target\":{\"@type\":\"EntryPoint\",\"urlTemplate\":\"https:\/\/lauraprincemusic.com\/?s={search_term_string}\"},\"query-input\":{\"@type\":\"PropertyValueSpecification\",\"valueRequired\":true,\"valueName\":\"search_term_string\"}}],\"inLanguage\":\"en-GB\"},{\"@type\":\"Organization\",\"@id\":\"https:\/\/lauraprincemusic.com\/#organization\",\"name\":\"Laura Prince\",\"url\":\"https:\/\/lauraprincemusic.com\/\",\"logo\":{\"@type\":\"ImageObject\",\"inLanguage\":\"en-GB\",\"@id\":\"https:\/\/lauraprincemusic.com\/#\/schema\/logo\/image\/\",\"url\":\"https:\/\/lauraprincemusic.com\/wp-content\/uploads\/2020\/04\/coveralbumlauraprincefinal.jpg\",\"contentUrl\":\"https:\/\/lauraprincemusic.com\/wp-content\/uploads\/2020\/04\/coveralbumlauraprincefinal.jpg\",\"width\":1654,\"height\":1478,\"caption\":\"Laura Prince\"},\"image\":{\"@id\":\"https:\/\/lauraprincemusic.com\/#\/schema\/logo\/image\/\"}}]}<\/script>\n<!-- \/ Yoast SEO plugin. -->","yoast_head_json":{"title":"ADJOKO (CD) - Laura Prince","robots":{"index":"index","follow":"follow","max-snippet":"max-snippet:-1","max-image-preview":"max-image-preview:large","max-video-preview":"max-video-preview:-1"},"canonical":"https:\/\/lauraprincemusic.com\/en\/product\/adjoko-cd\/","og_locale":"en_GB","og_type":"article","og_title":"ADJOKO (CD) - Laura Prince","og_description":"CD physique  Choisir avec d\u00e9dicace ou sans.  Pour plus de 10 CD contactez :  contact@lauraprincemusic.com  Exp\u00e9dition : France J+2 \/ Europe J+ 2-5 \/ Monde J+ 6-12","og_url":"https:\/\/lauraprincemusic.com\/en\/product\/adjoko-cd\/","og_site_name":"Laura Prince","article_modified_time":"2025-04-24T15:21:28+00:00","og_image":[{"width":600,"height":429,"url":"https:\/\/lauraprincemusic.com\/wp-content\/uploads\/2025\/04\/Laura-Prince-Adjoko-MOCKUP-cover-digi_600x469_mini.jpg","type":"image\/jpeg"}],"twitter_card":"summary_large_image","twitter_misc":{"Estimated reading time":"1 minute"},"schema":{"@context":"https:\/\/schema.org","@graph":[{"@type":"WebPage","@id":"https:\/\/lauraprincemusic.com\/produit\/adjoko-cd\/","url":"https:\/\/lauraprincemusic.com\/produit\/adjoko-cd\/","name":"ADJOKO (CD) - Laura Prince","isPartOf":{"@id":"https:\/\/lauraprincemusic.com\/#website"},"primaryImageOfPage":{"@id":"https:\/\/lauraprincemusic.com\/produit\/adjoko-cd\/#primaryimage"},"image":{"@id":"https:\/\/lauraprincemusic.com\/produit\/adjoko-cd\/#primaryimage"},"thumbnailUrl":"https:\/\/lauraprincemusic.com\/wp-content\/uploads\/2025\/04\/Laura-Prince-Adjoko-MOCKUP-cover-digi_600x469_mini.jpg","datePublished":"2025-04-23T11:45:08+00:00","dateModified":"2025-04-24T15:21:28+00:00","breadcrumb":{"@id":"https:\/\/lauraprincemusic.com\/produit\/adjoko-cd\/#breadcrumb"},"inLanguage":"en-GB","potentialAction":[{"@type":"ReadAction","target":["https:\/\/lauraprincemusic.com\/produit\/adjoko-cd\/"]}]},{"@type":"ImageObject","inLanguage":"en-GB","@id":"https:\/\/lauraprincemusic.com\/produit\/adjoko-cd\/#primaryimage","url":"https:\/\/lauraprincemusic.com\/wp-content\/uploads\/2025\/04\/Laura-Prince-Adjoko-MOCKUP-cover-digi_600x469_mini.jpg","contentUrl":"https:\/\/lauraprincemusic.com\/wp-content\/uploads\/2025\/04\/Laura-Prince-Adjoko-MOCKUP-cover-digi_600x469_mini.jpg","width":600,"height":429,"caption":"Couverture du Nouvel album Adjoko version CD"},{"@type":"BreadcrumbList","@id":"https:\/\/lauraprincemusic.com\/produit\/adjoko-cd\/#breadcrumb","itemListElement":[{"@type":"ListItem","position":1,"name":"Accueil","item":"https:\/\/lauraprincemusic.com\/"},{"@type":"ListItem","position":2,"name":"Boutique","item":"https:\/\/lauraprincemusic.com\/boutique\/"},{"@type":"ListItem","position":3,"name":"ADJOKO (CD)"}]},{"@type":"WebSite","@id":"https:\/\/lauraprincemusic.com\/#website","url":"https:\/\/lauraprincemusic.com\/","name":"Laura Prince","description":"Site officiel de Laura Prince. Auteure, compositeur, interpr\u00e8te, elle est avant tout chanteuse et musicienne.","publisher":{"@id":"https:\/\/lauraprincemusic.com\/#organization"},"potentialAction":[{"@type":"SearchAction","target":{"@type":"EntryPoint","urlTemplate":"https:\/\/lauraprincemusic.com\/?s={search_term_string}"},"query-input":{"@type":"PropertyValueSpecification","valueRequired":true,"valueName":"search_term_string"}}],"inLanguage":"en-GB"},{"@type":"Organization","@id":"https:\/\/lauraprincemusic.com\/#organization","name":"Laura Prince","url":"https:\/\/lauraprincemusic.com\/","logo":{"@type":"ImageObject","inLanguage":"en-GB","@id":"https:\/\/lauraprincemusic.com\/#\/schema\/logo\/image\/","url":"https:\/\/lauraprincemusic.com\/wp-content\/uploads\/2020\/04\/coveralbumlauraprincefinal.jpg","contentUrl":"https:\/\/lauraprincemusic.com\/wp-content\/uploads\/2020\/04\/coveralbumlauraprincefinal.jpg","width":1654,"height":1478,"caption":"Laura Prince"},"image":{"@id":"https:\/\/lauraprincemusic.com\/#\/schema\/logo\/image\/"}}]}},"_links":{"self":[{"href":"https:\/\/lauraprincemusic.com\/en\/wp-json\/wp\/v2\/product\/3520","targetHints":{"allow":["GET"]}}],"collection":[{"href":"https:\/\/lauraprincemusic.com\/en\/wp-json\/wp\/v2\/product"}],"about":[{"href":"https:\/\/lauraprincemusic.com\/en\/wp-json\/wp\/v2\/types\/product"}],"version-history":[{"count":2,"href":"https:\/\/lauraprincemusic.com\/en\/wp-json\/wp\/v2\/product\/3520\/revisions"}],"predecessor-version":[{"id":3537,"href":"https:\/\/lauraprincemusic.com\/en\/wp-json\/wp\/v2\/product\/3520\/revisions\/3537"}],"wp:featuredmedia":[{"embeddable":true,"href":"https:\/\/lauraprincemusic.com\/en\/wp-json\/wp\/v2\/media\/3528"}],"wp:attachment":[{"href":"https:\/\/lauraprincemusic.com\/en\/wp-json\/wp\/v2\/media?parent=3520"}],"wp:term":[{"taxonomy":"product_brand","embeddable":true,"href":"https:\/\/lauraprincemusic.com\/en\/wp-json\/wp\/v2\/product_brand?post=3520"},{"taxonomy":"product_cat","embeddable":true,"href":"https:\/\/lauraprincemusic.com\/en\/wp-json\/wp\/v2\/product_cat?post=3520"},{"taxonomy":"product_tag","embeddable":true,"href":"https:\/\/lauraprincemusic.com\/en\/wp-json\/wp\/v2\/product_tag?post=3520"}],"curies":[{"name":"wp","href":"https:\/\/api.w.org\/{rel}","templated":true}]}}